{"id":1348,"date":"2025-11-03T19:45:04","date_gmt":"2025-11-03T18:45:04","guid":{"rendered":"https:\/\/bots.lobobrothers.com\/termos-e-condicoes\/"},"modified":"2025-11-14T09:56:54","modified_gmt":"2025-11-14T08:56:54","slug":"termos-e-condicoes","status":"publish","type":"page","link":"https:\/\/loboguard.lobobrothers.com\/pt-pt\/termos-e-condicoes\/","title":{"rendered":"Termos e condi\u00e7\u00f5es"},"content":{"rendered":"\t\t<div data-elementor-type=\"wp-page\" data-elementor-id=\"1348\" class=\"elementor elementor-1348 elementor-1324\" data-elementor-post-type=\"page\">\n\t\t\t\t<div class=\"elementor-element elementor-element-4f7187a e-flex e-con-boxed e-con e-parent\" data-id=\"4f7187a\" data-element_type=\"container\">\n\t\t\t\t\t<div class=\"e-con-inner\">\n\t\t\t\t<div class=\"elementor-element elementor-element-cd36f66 elementor-widget elementor-widget-heading\" data-id=\"cd36f66\" data-element_type=\"widget\" data-widget_type=\"heading.default\">\n\t\t\t\t\t<h1 class=\"elementor-heading-title elementor-size-default\">CONTRATO DE LICEN\u00c7A DE UTILIZADOR FINAL (EULA)<\/h1>\t\t\t\t<\/div>\n\t\t\t\t<div class=\"elementor-element elementor-element-825a748 elementor-widget elementor-widget-text-editor\" data-id=\"825a748\" data-element_type=\"widget\" data-widget_type=\"text-editor.default\">\n\t\t\t\t\t\t\t\t\t<p data-start=\"191\" data-end=\"236\"><strong data-start=\"191\" data-end=\"236\">LOBOGUARD \u2013 LOBO BROTHERS TECHNOLOGY S.L.<\/strong><\/p>\n<p><\/p>\n<hr data-start=\"238\" data-end=\"241\" \/>\n<h3 data-start=\"243\" data-end=\"261\"><strong data-start=\"247\" data-end=\"261\">INTRODU\u00c7\u00c3O<\/strong><\/h3>\n<p><\/p>\n<p data-start=\"263\" data-end=\"528\">Este Acordo de Licen\u00e7a do Utilizador Final (\u201c<strong data-start=\"308\" data-end=\"318\">ACORDO<\/strong>\u201d) \u00e9 um contrato legalmente vinculativo entre o cliente ou utilizador final (\u201c<strong data-start=\"396\" data-end=\"404\">voc\u00ea<\/strong>\u201d) e <strong data-start=\"409\" data-end=\"442\">LOBO BROTHERS TECHNOLOGY S.L.<\/strong>, com sede em Madrid, Espanha (\u201c<strong data-start=\"474\" data-end=\"502\">LOBO BROTHERS TECHNOLOGY<\/strong>\u201d ou o \u201c<strong data-start=\"510\" data-end=\"525\">Licenciante<\/strong>\u201d).<\/p>\n<p><\/p>\n<p data-start=\"530\" data-end=\"782\">Este ACORDO regula a utiliza\u00e7\u00e3o do software <strong data-start=\"574\" data-end=\"587\">LoboGuard<\/strong>, incluindo a vers\u00e3o comercial, a <strong data-start=\"621\" data-end=\"651\">vers\u00e3o de teste de 30 dias<\/strong> (\u201c<strong data-start=\"654\" data-end=\"663\">Trial<\/strong>\u201d), a documenta\u00e7\u00e3o associada, atualiza\u00e7\u00f5es e quaisquer outros componentes fornecidos (coletivamente, o \u201c<strong data-start=\"767\" data-end=\"779\">Software<\/strong>\u201d).<\/p>\n<p><\/p>\n<p data-start=\"784\" data-end=\"959\">Ao instalar, registar ou utilizar o Software, voc\u00ea concorda em ficar vinculado aos termos deste ACORDO. Caso n\u00e3o concorde com estes termos, n\u00e3o instale nem utilize o Software.<\/p>\n<p><\/p>\n<p data-start=\"961\" data-end=\"1106\">Qualquer documento enviado por voc\u00ea que contenha termos distintos (como pedidos de compra ou solicita\u00e7\u00f5es) n\u00e3o modificar\u00e1 os termos deste ACORDO.<\/p>\n<p><\/p>\n<hr data-start=\"1108\" data-end=\"1111\" \/>\n<h2 data-start=\"1113\" data-end=\"1136\"><strong data-start=\"1116\" data-end=\"1136\">CONDI\u00c7\u00d5ES GERAIS<\/strong><\/h2>\n<p><\/p>\n<h3 data-start=\"1138\" data-end=\"1169\"><strong data-start=\"1142\" data-end=\"1169\">1. CONCESS\u00c3O DE LICEN\u00c7A<\/strong><\/h3>\n<p><\/p>\n<p data-start=\"1171\" data-end=\"1432\">Sujeito aos termos deste ACORDO, a LOBO BROTHERS TECHNOLOGY concede-lhe uma <strong data-start=\"1247\" data-end=\"1321\">licen\u00e7a limitada, n\u00e3o exclusiva, n\u00e3o transfer\u00edvel e n\u00e3o sublicenci\u00e1vel<\/strong> para instalar e utilizar o Software durante o per\u00edodo estabelecido no seu contrato de subscri\u00e7\u00e3o ou aquisi\u00e7\u00e3o.<\/p>\n<ul data-start=\"1434\" data-end=\"1689\">\n<li data-start=\"1434\" data-end=\"1592\">\n<p data-start=\"1436\" data-end=\"1592\">A utiliza\u00e7\u00e3o do Software \u00e9 permitida apenas nos ambientes autorizados e de acordo com as especifica\u00e7\u00f5es t\u00e9cnicas fornecidas pela LOBO BROTHERS TECHNOLOGY.<\/p>\n<\/li>\n<li data-start=\"1593\" data-end=\"1689\">\n<p data-start=\"1595\" data-end=\"1689\">O Software pode incluir componentes pr\u00f3prios ou de terceiros, sujeitos \u00e0s respetivas licen\u00e7as.<\/p>\n<\/li>\n<\/ul>\n<p><\/p>\n<h4 data-start=\"1691\" data-end=\"1744\"><strong data-start=\"1696\" data-end=\"1742\">A. Licen\u00e7a de Avalia\u00e7\u00e3o (Trial de 30 dias)<\/strong><\/h4>\n<p><\/p>\n<p data-start=\"1745\" data-end=\"1972\">Quando fornecido como Trial, voc\u00ea poder\u00e1 utilizar o Software <strong data-start=\"1806\" data-end=\"1834\">por at\u00e9 30 dias corridos<\/strong> ap\u00f3s a ativa\u00e7\u00e3o, exclusivamente para fins internos de avalia\u00e7\u00e3o, teste ou demonstra\u00e7\u00e3o \u2014 <strong data-start=\"1924\" data-end=\"1931\">n\u00e3o<\/strong> para uso em produ\u00e7\u00e3o ou fins comerciais.<\/p>\n<p><\/p>\n<p data-start=\"1974\" data-end=\"2126\">Ap\u00f3s este per\u00edodo, o Software poder\u00e1 deixar de funcionar ou sofrer limita\u00e7\u00f5es. Para continuar a utiliz\u00e1-lo, \u00e9 necess\u00e1rio adquirir uma licen\u00e7a comercial.<\/p>\n<h4 data-start=\"2128\" data-end=\"2159\"><strong data-start=\"2133\" data-end=\"2157\">B. Licen\u00e7a Comercial<\/strong><\/h4>\n<p><\/p>\n<p data-start=\"2160\" data-end=\"2331\">Ap\u00f3s a aquisi\u00e7\u00e3o de uma licen\u00e7a comercial, voc\u00ea poder\u00e1 utilizar o Software de acordo com as condi\u00e7\u00f5es contratadas e enquanto o seu contrato ou subscri\u00e7\u00e3o permanecer ativo.<\/p>\n<p><\/p>\n<hr data-start=\"2333\" data-end=\"2336\" \/>\n<h3 data-start=\"2338\" data-end=\"2396\"><strong data-start=\"2342\" data-end=\"2396\">2. DIREITOS, LIMITA\u00c7\u00d5ES E OBRIGA\u00c7\u00d5ES DO UTILIZADOR<\/strong><\/h3>\n<p><\/p>\n<p data-start=\"2398\" data-end=\"2484\">Exceto quando expressamente permitido neste ACORDO, <strong data-start=\"2450\" data-end=\"2469\">n\u00e3o \u00e9 permitido<\/strong> ao utilizador:<\/p>\n<ul data-start=\"2486\" data-end=\"2991\">\n<li data-start=\"2486\" data-end=\"2600\">\n<p data-start=\"2488\" data-end=\"2600\">modificar, traduzir, descompilar, desmontar, realizar engenharia reversa ou criar obras derivadas do Software,<\/p>\n<\/li>\n<li data-start=\"2601\" data-end=\"2700\">\n<p data-start=\"2603\" data-end=\"2700\">remover ou alterar avisos de direitos de autor, marcas registadas ou indica\u00e7\u00f5es de propriedade,<\/p>\n<\/li>\n<li data-start=\"2701\" data-end=\"2810\">\n<p data-start=\"2703\" data-end=\"2810\">ceder, sublicenciar, vender, alugar, arrendar ou transferir o Software ou os seus direitos de utiliza\u00e7\u00e3o,<\/p>\n<\/li>\n<li data-start=\"2811\" data-end=\"2900\">\n<p data-start=\"2813\" data-end=\"2900\">utilizar o Software para fins ilegais, indevidos ou que violem direitos de terceiros,<\/p>\n<\/li>\n<li data-start=\"2901\" data-end=\"2991\">\n<p data-start=\"2903\" data-end=\"2991\">utilizar o Software de forma que comprometa a sua seguran\u00e7a ou a de sistemas associados.<\/p>\n<\/li>\n<\/ul>\n<p><\/p>\n<p data-start=\"2993\" data-end=\"3130\">O utilizador deve garantir que utiliza o Software em conformidade com a legisla\u00e7\u00e3o aplic\u00e1vel e as diretrizes da LOBO BROTHERS TECHNOLOGY.<\/p>\n<p><\/p>\n<p data-start=\"3132\" data-end=\"3216\">Todos os direitos n\u00e3o expressamente concedidos permanecem reservados ao Licenciante.<\/p>\n<p><\/p>\n<hr data-start=\"3218\" data-end=\"3221\" \/>\n<h3 data-start=\"3223\" data-end=\"3257\"><strong data-start=\"3227\" data-end=\"3257\">3. PROPRIEDADE INTELECTUAL<\/strong><\/h3>\n<p><\/p>\n<p data-start=\"3259\" data-end=\"3511\">O Software \u00e9 propriedade exclusiva da <strong data-start=\"3297\" data-end=\"3330\">LOBO BROTHERS TECHNOLOGY S.L.<\/strong> e est\u00e1 protegido por leis nacionais e internacionais de propriedade intelectual.<br data-start=\"3411\" data-end=\"3414\" \/>Este ACORDO n\u00e3o lhe concede quaisquer direitos de propriedade, apenas um direito de uso limitado.<\/p>\n<p><\/p>\n<hr data-start=\"3513\" data-end=\"3516\" \/>\n<h3 data-start=\"3518\" data-end=\"3554\"><strong data-start=\"3522\" data-end=\"3554\">4. ATUALIZA\u00c7\u00d5ES E MANUTEN\u00c7\u00c3O<\/strong><\/h3>\n<p><\/p>\n<p data-start=\"3556\" data-end=\"3886\">Atualiza\u00e7\u00f5es, melhorias, corre\u00e7\u00f5es ou extens\u00f5es (\u201c<strong data-start=\"3606\" data-end=\"3622\">Atualiza\u00e7\u00f5es<\/strong>\u201d) fornecidas pela LOBO BROTHERS TECHNOLOGY est\u00e3o sujeitas aos termos deste ACORDO, salvo indica\u00e7\u00e3o em contr\u00e1rio.<br data-start=\"3735\" data-end=\"3738\" \/>A empresa n\u00e3o est\u00e1 obrigada a fornecer suporte t\u00e9cnico cont\u00ednuo ou atualiza\u00e7\u00f5es, a menos que exista contrato espec\u00edfico de manuten\u00e7\u00e3o ou subscri\u00e7\u00e3o.<\/p>\n<p><\/p>\n<hr data-start=\"3888\" data-end=\"3891\" \/>\n<h3 data-start=\"3893\" data-end=\"3925\"><strong data-start=\"3897\" data-end=\"3925\">5. SOFTWARE DE TERCEIROS<\/strong><\/h3>\n<p><\/p>\n<p data-start=\"3927\" data-end=\"4219\">O Software pode integrar componentes ou servi\u00e7os de terceiros (por exemplo, servi\u00e7os de comunica\u00e7\u00e3o). Estes componentes podem exigir a aceita\u00e7\u00e3o de termos pr\u00f3prios.<br data-start=\"4091\" data-end=\"4094\" \/>A LOBO BROTHERS TECHNOLOGY n\u00e3o se responsabiliza pela disponibilidade, funcionamento ou desempenho de tais servi\u00e7os externos.<\/p>\n<p><\/p>\n<hr data-start=\"4221\" data-end=\"4224\" \/>\n<h3 data-start=\"4226\" data-end=\"4256\"><strong data-start=\"4230\" data-end=\"4256\">6. ISEN\u00c7\u00c3O DE GARANTIA<\/strong><\/h3>\n<p><\/p>\n<p data-start=\"4258\" data-end=\"4465\">O Software \u00e9 fornecido <strong data-start=\"4281\" data-end=\"4300\">\u201ctal como est\u00e1\u201d<\/strong>, sem qualquer garantia expressa ou impl\u00edcita, incluindo \u2014 mas n\u00e3o se limitando a \u2014 garantias de comercializa\u00e7\u00e3o, adequa\u00e7\u00e3o a um fim espec\u00edfico ou aus\u00eancia de erros.<\/p>\n<p><\/p>\n<p data-start=\"4467\" data-end=\"4612\">A LOBO BROTHERS TECHNOLOGY n\u00e3o garante que o Software ir\u00e1 satisfazer os requisitos do utilizador ou funcionar de forma ininterrupta ou sem erros.<\/p>\n<p><\/p>\n<hr data-start=\"4614\" data-end=\"4617\" \/>\n<h3 data-start=\"4619\" data-end=\"4659\"><strong data-start=\"4623\" data-end=\"4659\">7. LIMITA\u00c7\u00c3O DE RESPONSABILIDADE<\/strong><\/h3>\n<p><\/p>\n<p data-start=\"4661\" data-end=\"4921\">Na m\u00e1xima medida permitida por lei, a LOBO BROTHERS TECHNOLOGY n\u00e3o ser\u00e1 respons\u00e1vel por danos indiretos, incidentais, especiais ou consequenciais (incluindo perda de lucros, dados ou reputa\u00e7\u00e3o), nem por custos associados \u00e0 substitui\u00e7\u00e3o de produtos ou servi\u00e7os.<\/p>\n<p><\/p>\n<p data-start=\"4923\" data-end=\"5092\">A responsabilidade total acumulada do Licenciante n\u00e3o exceder\u00e1 o valor efetivamente pago pelo utilizador nos <strong data-start=\"5032\" data-end=\"5055\">12 meses anteriores<\/strong> ao evento que originou a reclama\u00e7\u00e3o.<\/p>\n<p><\/p>\n<hr data-start=\"5094\" data-end=\"5097\" \/>\n<h3 data-start=\"5099\" data-end=\"5129\"><strong data-start=\"5103\" data-end=\"5129\">8. C\u00d3PIAS DE SEGURAN\u00c7A<\/strong><\/h3>\n<p><\/p>\n<p data-start=\"5131\" data-end=\"5390\">O utilizador \u00e9 respons\u00e1vel por realizar c\u00f3pias de seguran\u00e7a adequadas antes de instalar atualiza\u00e7\u00f5es ou efetuar altera\u00e7\u00f5es.<br data-start=\"5254\" data-end=\"5257\" \/>A LOBO BROTHERS TECHNOLOGY n\u00e3o assume responsabilidade por perda de dados causada por uso inadequado ou eventos fora do seu controlo.<\/p>\n<p><\/p>\n<hr data-start=\"5392\" data-end=\"5395\" \/>\n<h3 data-start=\"5397\" data-end=\"5426\"><strong data-start=\"5401\" data-end=\"5426\">9. DURA\u00c7\u00c3O E RESCIS\u00c3O<\/strong><\/h3>\n<p><\/p>\n<p data-start=\"5428\" data-end=\"5550\">Este ACORDO entra em vigor quando o Software \u00e9 instalado ou ativado e permanece v\u00e1lido enquanto a licen\u00e7a estiver ativa.<\/p>\n<p><\/p>\n<p data-start=\"5552\" data-end=\"5675\">A LOBO BROTHERS TECHNOLOGY pode rescindir o ACORDO imediatamente caso o utilizador viole qualquer uma das suas disposi\u00e7\u00f5es.<\/p>\n<p><\/p>\n<p data-start=\"5677\" data-end=\"5777\">Ap\u00f3s a rescis\u00e3o, o utilizador deve cessar o uso do Software e eliminar todas as c\u00f3pias em sua posse.<\/p>\n<p><\/p>\n<hr data-start=\"5779\" data-end=\"5782\" \/>\n<h3 data-start=\"5784\" data-end=\"5813\"><strong data-start=\"5788\" data-end=\"5813\">10. PROTE\u00c7\u00c3O DE DADOS<\/strong><\/h3>\n<p><\/p>\n<p data-start=\"5815\" data-end=\"5999\">A LOBO BROTHERS TECHNOLOGY cumpre a legisla\u00e7\u00e3o vigente em mat\u00e9ria de prote\u00e7\u00e3o de dados, incluindo o <strong data-start=\"5915\" data-end=\"5951\">Regulamento (UE) 2016\/679 (RGPD)<\/strong> e a legisla\u00e7\u00e3o espanhola aplic\u00e1vel (LO 3\/2018).<\/p>\n<p><\/p>\n<p data-start=\"6001\" data-end=\"6209\">O Software n\u00e3o recolhe dados pessoais al\u00e9m dos estritamente necess\u00e1rios para o seu funcionamento.<br data-start=\"6098\" data-end=\"6101\" \/>Mais informa\u00e7\u00f5es est\u00e3o dispon\u00edveis na <strong data-start=\"6139\" data-end=\"6166\">Pol\u00edtica de Privacidade<\/strong> publicada no website oficial do LoboGuard.<\/p>\n<p><\/p>\n<hr data-start=\"6211\" data-end=\"6214\" \/>\n<h3 data-start=\"6216\" data-end=\"6265\"><strong data-start=\"6220\" data-end=\"6265\">11. EXPORTA\u00c7\u00c3O E UTILIZA\u00c7\u00c3O INTERNACIONAL<\/strong><\/h3>\n<p><\/p>\n<p data-start=\"6267\" data-end=\"6455\">O utilizador compromete-se a n\u00e3o exportar ou transferir o Software para pa\u00edses ou territ\u00f3rios sujeitos a restri\u00e7\u00f5es ou embargos, de acordo com a legisla\u00e7\u00e3o da Uni\u00e3o Europeia ou de Espanha.<\/p>\n<p><\/p>\n<hr data-start=\"6457\" data-end=\"6460\" \/>\n<h3 data-start=\"6462\" data-end=\"6497\"><strong data-start=\"6466\" data-end=\"6497\">12. CESS\u00c3O E SUBCONTRATA\u00c7\u00c3O<\/strong><\/h3>\n<p><\/p>\n<p data-start=\"6499\" data-end=\"6764\">O utilizador n\u00e3o pode ceder ou transferir os direitos ou obriga\u00e7\u00f5es decorrentes deste ACORDO sem consentimento pr\u00e9vio por escrito da LOBO BROTHERS TECHNOLOGY.<br data-start=\"6657\" data-end=\"6660\" \/>O Licenciante pode ceder direitos ou subcontratar servi\u00e7os sem necessidade de autoriza\u00e7\u00e3o do utilizador.<\/p>\n<p><\/p>\n<hr data-start=\"6766\" data-end=\"6769\" \/>\n<h3 data-start=\"6771\" data-end=\"6805\"><strong data-start=\"6775\" data-end=\"6805\">13. MODIFICA\u00c7\u00d5ES DO ACORDO<\/strong><\/h3>\n<p><\/p>\n<p data-start=\"6807\" data-end=\"7022\">A LOBO BROTHERS TECHNOLOGY pode atualizar ou modificar este ACORDO publicando a vers\u00e3o atualizada no seu website oficial.<br data-start=\"6928\" data-end=\"6931\" \/>A nova vers\u00e3o substitui automaticamente todas as anteriores a partir da data de publica\u00e7\u00e3o.<\/p>\n<p><\/p>\n<hr data-start=\"7024\" data-end=\"7027\" \/>\n<h3 data-start=\"7029\" data-end=\"7067\"><strong data-start=\"7033\" data-end=\"7067\">14. LEI APLIC\u00c1VEL E JURISDI\u00c7\u00c3O<\/strong><\/h3>\n<p><\/p>\n<p data-start=\"7069\" data-end=\"7239\">Este ACORDO ser\u00e1 regido pela lei <strong data-start=\"7102\" data-end=\"7115\">espanhola<\/strong>.<br data-start=\"7116\" data-end=\"7119\" \/>Para qualquer lit\u00edgio, as partes submetem-se expressamente \u00e0 jurisdi\u00e7\u00e3o exclusiva dos <strong data-start=\"7205\" data-end=\"7238\">Tribunais de Madrid (Espanha)<\/strong>.<\/p>\n<p><\/p>\n<hr data-start=\"7241\" data-end=\"7244\" \/>\n<h3 data-start=\"7246\" data-end=\"7266\"><strong data-start=\"7250\" data-end=\"7266\">15. CONTACTO<\/strong><\/h3>\n<p><\/p>\n<p data-start=\"7268\" data-end=\"7331\">Para notifica\u00e7\u00f5es relacionadas com este ACORDO, pode contactar:<\/p>\n<p><\/p>\n<p data-start=\"7333\" data-end=\"7400\"><strong data-start=\"7333\" data-end=\"7366\">LOBO BROTHERS TECHNOLOGY S.L.<\/strong><br data-start=\"7366\" data-end=\"7369\" \/>E-mail: <strong data-start=\"7377\" data-end=\"7400\"><a class=\"decorated-link cursor-pointer\" rel=\"noopener\" data-start=\"7379\" data-end=\"7398\">hi@lobobrothers.com<\/a><\/strong><\/p>\n<p><\/p>\n<hr data-start=\"7402\" data-end=\"7405\" \/>\n<h3 data-start=\"7407\" data-end=\"7437\"><strong data-start=\"7411\" data-end=\"7437\">16. DISPOSI\u00c7\u00d5ES FINAIS<\/strong><\/h3>\n<p><\/p>\n<p data-start=\"7439\" data-end=\"7718\">Se qualquer disposi\u00e7\u00e3o deste ACORDO for considerada inv\u00e1lida ou inaplic\u00e1vel, as demais permanecer\u00e3o plenamente v\u00e1lidas e eficazes.<br data-start=\"7569\" data-end=\"7572\" \/>Este documento constitui o acordo integral entre as partes relativamente ao Software, substituindo todos os acordos anteriores, orais ou escritos.<\/p>\n<p><\/p>\n<hr data-start=\"7720\" data-end=\"7723\" \/><\/p>\n<p data-start=\"7725\" data-end=\"7836\"><strong data-start=\"7725\" data-end=\"7792\">\u00a9 LOBO BROTHERS TECHNOLOGY S.L. \u2013 Todos os direitos reservados.<\/strong><br data-start=\"7792\" data-end=\"7795\" \/><strong data-start=\"7795\" data-end=\"7836\">Vers\u00e3o 1.0 \u2013 Atualizada: [14\/11\/2025]<\/strong><\/p>\n\t\t\t\t\t\t\t\t<\/div>\n\t\t\t\t\t<\/div>\n\t\t\t\t<\/div>\n\t\t\t\t<\/div>\n\t\t","protected":false},"excerpt":{"rendered":"<p>CONTRATO DE LICEN\u00c7A DE UTILIZADOR FINAL (EULA) LOBOGUARD \u2013 LOBO BROTHERS TECHNOLOGY S.L. INTRODU\u00c7\u00c3O Este Acordo de Licen\u00e7a do Utilizador Final (\u201cACORDO\u201d) \u00e9 um contrato legalmente vinculativo entre o cliente ou utilizador final (\u201cvoc\u00ea\u201d) e LOBO BROTHERS TECHNOLOGY S.L., com sede em Madrid, Espanha (\u201cLOBO BROTHERS TECHNOLOGY\u201d ou o \u201cLicenciante\u201d). Este ACORDO regula a utiliza\u00e7\u00e3o [&hellip;]<\/p>\n","protected":false},"author":1,"featured_media":0,"parent":0,"menu_order":0,"comment_status":"closed","ping_status":"closed","template":"","meta":{"footnotes":""},"class_list":["post-1348","page","type-page","status-publish","hentry"],"yoast_head":"<!-- This site is optimized with the Yoast SEO plugin v26.4 - https:\/\/yoast.com\/wordpress\/plugins\/seo\/ -->\n<title>Termos e condi\u00e7\u00f5es - LoboGuard<\/title>\n<meta name=\"robots\" content=\"index, follow, max-snippet:-1, max-image-preview:large, max-video-preview:-1\" \/>\n<link rel=\"canonical\" href=\"https:\/\/loboguard.lobobrothers.com\/pt-pt\/termos-e-condicoes\/\" \/>\n<meta property=\"og:locale\" content=\"pt_PT\" \/>\n<meta property=\"og:type\" content=\"article\" \/>\n<meta property=\"og:title\" content=\"Termos e condi\u00e7\u00f5es - LoboGuard\" \/>\n<meta property=\"og:description\" content=\"CONTRATO DE LICEN\u00c7A DE UTILIZADOR FINAL (EULA) LOBOGUARD \u2013 LOBO BROTHERS TECHNOLOGY S.L. INTRODU\u00c7\u00c3O Este Acordo de Licen\u00e7a do Utilizador Final (\u201cACORDO\u201d) \u00e9 um contrato legalmente vinculativo entre o cliente ou utilizador final (\u201cvoc\u00ea\u201d) e LOBO BROTHERS TECHNOLOGY S.L., com sede em Madrid, Espanha (\u201cLOBO BROTHERS TECHNOLOGY\u201d ou o \u201cLicenciante\u201d). Este ACORDO regula a utiliza\u00e7\u00e3o [&hellip;]\" \/>\n<meta property=\"og:url\" content=\"https:\/\/loboguard.lobobrothers.com\/pt-pt\/termos-e-condicoes\/\" \/>\n<meta property=\"og:site_name\" content=\"LoboGuard\" \/>\n<meta property=\"article:modified_time\" content=\"2025-11-14T08:56:54+00:00\" \/>\n<meta name=\"twitter:card\" content=\"summary_large_image\" \/>\n<meta name=\"twitter:site\" content=\"@LoboBrothers\" \/>\n<meta name=\"twitter:label1\" content=\"Tempo estimado de leitura\" \/>\n\t<meta name=\"twitter:data1\" content=\"6 minutos\" \/>\n<script type=\"application\/ld+json\" class=\"yoast-schema-graph\">{\"@context\":\"https:\/\/schema.org\",\"@graph\":[{\"@type\":\"WebPage\",\"@id\":\"https:\/\/loboguard.lobobrothers.com\/pt-pt\/termos-e-condicoes\/\",\"url\":\"https:\/\/loboguard.lobobrothers.com\/pt-pt\/termos-e-condicoes\/\",\"name\":\"Termos e condi\u00e7\u00f5es - LoboGuard\",\"isPartOf\":{\"@id\":\"https:\/\/loboguard.lobobrothers.com\/pt-pt\/#website\"},\"datePublished\":\"2025-11-03T18:45:04+00:00\",\"dateModified\":\"2025-11-14T08:56:54+00:00\",\"breadcrumb\":{\"@id\":\"https:\/\/loboguard.lobobrothers.com\/pt-pt\/termos-e-condicoes\/#breadcrumb\"},\"inLanguage\":\"pt-PT\",\"potentialAction\":[{\"@type\":\"ReadAction\",\"target\":[\"https:\/\/loboguard.lobobrothers.com\/pt-pt\/termos-e-condicoes\/\"]}]},{\"@type\":\"BreadcrumbList\",\"@id\":\"https:\/\/loboguard.lobobrothers.com\/pt-pt\/termos-e-condicoes\/#breadcrumb\",\"itemListElement\":[{\"@type\":\"ListItem\",\"position\":1,\"name\":\"Home\",\"item\":\"https:\/\/loboguard.lobobrothers.com\/pt-pt\/\"},{\"@type\":\"ListItem\",\"position\":2,\"name\":\"Termos e condi\u00e7\u00f5es\"}]},{\"@type\":\"WebSite\",\"@id\":\"https:\/\/loboguard.lobobrothers.com\/pt-pt\/#website\",\"url\":\"https:\/\/loboguard.lobobrothers.com\/pt-pt\/\",\"name\":\"LoboGuard\",\"description\":\"\",\"publisher\":{\"@id\":\"https:\/\/loboguard.lobobrothers.com\/pt-pt\/#organization\"},\"potentialAction\":[{\"@type\":\"SearchAction\",\"target\":{\"@type\":\"EntryPoint\",\"urlTemplate\":\"https:\/\/loboguard.lobobrothers.com\/pt-pt\/?s={search_term_string}\"},\"query-input\":{\"@type\":\"PropertyValueSpecification\",\"valueRequired\":true,\"valueName\":\"search_term_string\"}}],\"inLanguage\":\"pt-PT\"},{\"@type\":\"Organization\",\"@id\":\"https:\/\/loboguard.lobobrothers.com\/pt-pt\/#organization\",\"name\":\"Lobo Brothers Technology\",\"alternateName\":\"LoboGuard\",\"url\":\"https:\/\/loboguard.lobobrothers.com\/pt-pt\/\",\"logo\":{\"@type\":\"ImageObject\",\"inLanguage\":\"pt-PT\",\"@id\":\"https:\/\/loboguard.lobobrothers.com\/pt-pt\/#\/schema\/logo\/image\/\",\"url\":\"https:\/\/loboguard.lobobrothers.com\/wp-content\/uploads\/2025\/08\/cropped-loboguard.png\",\"contentUrl\":\"https:\/\/loboguard.lobobrothers.com\/wp-content\/uploads\/2025\/08\/cropped-loboguard.png\",\"width\":512,\"height\":512,\"caption\":\"Lobo Brothers Technology\"},\"image\":{\"@id\":\"https:\/\/loboguard.lobobrothers.com\/pt-pt\/#\/schema\/logo\/image\/\"},\"sameAs\":[\"https:\/\/x.com\/LoboBrothers\",\"https:\/\/es.linkedin.com\/company\/lobobrothers\"]}]}<\/script>\n<!-- \/ Yoast SEO plugin. -->","yoast_head_json":{"title":"Termos e condi\u00e7\u00f5es - LoboGuard","robots":{"index":"index","follow":"follow","max-snippet":"max-snippet:-1","max-image-preview":"max-image-preview:large","max-video-preview":"max-video-preview:-1"},"canonical":"https:\/\/loboguard.lobobrothers.com\/pt-pt\/termos-e-condicoes\/","og_locale":"pt_PT","og_type":"article","og_title":"Termos e condi\u00e7\u00f5es - LoboGuard","og_description":"CONTRATO DE LICEN\u00c7A DE UTILIZADOR FINAL (EULA) LOBOGUARD \u2013 LOBO BROTHERS TECHNOLOGY S.L. INTRODU\u00c7\u00c3O Este Acordo de Licen\u00e7a do Utilizador Final (\u201cACORDO\u201d) \u00e9 um contrato legalmente vinculativo entre o cliente ou utilizador final (\u201cvoc\u00ea\u201d) e LOBO BROTHERS TECHNOLOGY S.L., com sede em Madrid, Espanha (\u201cLOBO BROTHERS TECHNOLOGY\u201d ou o \u201cLicenciante\u201d). Este ACORDO regula a utiliza\u00e7\u00e3o [&hellip;]","og_url":"https:\/\/loboguard.lobobrothers.com\/pt-pt\/termos-e-condicoes\/","og_site_name":"LoboGuard","article_modified_time":"2025-11-14T08:56:54+00:00","twitter_card":"summary_large_image","twitter_site":"@LoboBrothers","twitter_misc":{"Tempo estimado de leitura":"6 minutos"},"schema":{"@context":"https:\/\/schema.org","@graph":[{"@type":"WebPage","@id":"https:\/\/loboguard.lobobrothers.com\/pt-pt\/termos-e-condicoes\/","url":"https:\/\/loboguard.lobobrothers.com\/pt-pt\/termos-e-condicoes\/","name":"Termos e condi\u00e7\u00f5es - LoboGuard","isPartOf":{"@id":"https:\/\/loboguard.lobobrothers.com\/pt-pt\/#website"},"datePublished":"2025-11-03T18:45:04+00:00","dateModified":"2025-11-14T08:56:54+00:00","breadcrumb":{"@id":"https:\/\/loboguard.lobobrothers.com\/pt-pt\/termos-e-condicoes\/#breadcrumb"},"inLanguage":"pt-PT","potentialAction":[{"@type":"ReadAction","target":["https:\/\/loboguard.lobobrothers.com\/pt-pt\/termos-e-condicoes\/"]}]},{"@type":"BreadcrumbList","@id":"https:\/\/loboguard.lobobrothers.com\/pt-pt\/termos-e-condicoes\/#breadcrumb","itemListElement":[{"@type":"ListItem","position":1,"name":"Home","item":"https:\/\/loboguard.lobobrothers.com\/pt-pt\/"},{"@type":"ListItem","position":2,"name":"Termos e condi\u00e7\u00f5es"}]},{"@type":"WebSite","@id":"https:\/\/loboguard.lobobrothers.com\/pt-pt\/#website","url":"https:\/\/loboguard.lobobrothers.com\/pt-pt\/","name":"LoboGuard","description":"","publisher":{"@id":"https:\/\/loboguard.lobobrothers.com\/pt-pt\/#organization"},"potentialAction":[{"@type":"SearchAction","target":{"@type":"EntryPoint","urlTemplate":"https:\/\/loboguard.lobobrothers.com\/pt-pt\/?s={search_term_string}"},"query-input":{"@type":"PropertyValueSpecification","valueRequired":true,"valueName":"search_term_string"}}],"inLanguage":"pt-PT"},{"@type":"Organization","@id":"https:\/\/loboguard.lobobrothers.com\/pt-pt\/#organization","name":"Lobo Brothers Technology","alternateName":"LoboGuard","url":"https:\/\/loboguard.lobobrothers.com\/pt-pt\/","logo":{"@type":"ImageObject","inLanguage":"pt-PT","@id":"https:\/\/loboguard.lobobrothers.com\/pt-pt\/#\/schema\/logo\/image\/","url":"https:\/\/loboguard.lobobrothers.com\/wp-content\/uploads\/2025\/08\/cropped-loboguard.png","contentUrl":"https:\/\/loboguard.lobobrothers.com\/wp-content\/uploads\/2025\/08\/cropped-loboguard.png","width":512,"height":512,"caption":"Lobo Brothers Technology"},"image":{"@id":"https:\/\/loboguard.lobobrothers.com\/pt-pt\/#\/schema\/logo\/image\/"},"sameAs":["https:\/\/x.com\/LoboBrothers","https:\/\/es.linkedin.com\/company\/lobobrothers"]}]}},"post_mailing_queue_ids":[],"_links":{"self":[{"href":"https:\/\/loboguard.lobobrothers.com\/pt-pt\/wp-json\/wp\/v2\/pages\/1348","targetHints":{"allow":["GET"]}}],"collection":[{"href":"https:\/\/loboguard.lobobrothers.com\/pt-pt\/wp-json\/wp\/v2\/pages"}],"about":[{"href":"https:\/\/loboguard.lobobrothers.com\/pt-pt\/wp-json\/wp\/v2\/types\/page"}],"author":[{"embeddable":true,"href":"https:\/\/loboguard.lobobrothers.com\/pt-pt\/wp-json\/wp\/v2\/users\/1"}],"replies":[{"embeddable":true,"href":"https:\/\/loboguard.lobobrothers.com\/pt-pt\/wp-json\/wp\/v2\/comments?post=1348"}],"version-history":[{"count":1,"href":"https:\/\/loboguard.lobobrothers.com\/pt-pt\/wp-json\/wp\/v2\/pages\/1348\/revisions"}],"predecessor-version":[{"id":1349,"href":"https:\/\/loboguard.lobobrothers.com\/pt-pt\/wp-json\/wp\/v2\/pages\/1348\/revisions\/1349"}],"wp:attachment":[{"href":"https:\/\/loboguard.lobobrothers.com\/pt-pt\/wp-json\/wp\/v2\/media?parent=1348"}],"curies":[{"name":"wp","href":"https:\/\/api.w.org\/{rel}","templated":true}]}}